{"id":212,"date":"2023-01-25T16:01:22","date_gmt":"2023-01-25T16:01:22","guid":{"rendered":"https:\/\/ordination-schwarzau.at\/?page_id=212"},"modified":"2023-02-03T14:18:39","modified_gmt":"2023-02-03T14:18:39","slug":"labor-und-diagnostik","status":"publish","type":"page","link":"https:\/\/ordination-schwarzau.at\/index.php\/behandlung\/labor-und-diagnostik\/","title":{"rendered":"Labor und Diagnostik"},"content":{"rendered":"<p><div class=\"fusion-fullwidth fullwidth-box fusion-builder-row-1 fusion-flex-container hundred-percent-fullwidth non-hundred-percent-height-scrolling\" style=\"--link_hover_color: #7e4e55;--link_color: #c6758f;--awb-border-sizes-top:0px;--awb-border-sizes-bottom:0px;--awb-border-sizes-left:0px;--awb-border-sizes-right:0px;--awb-border-color:#d1d1d1;--awb-border-radius-top-left:0px;--awb-border-radius-top-right:0px;--awb-border-radius-bottom-right:0px;--awb-border-radius-bottom-left:0px;--awb-padding-top:60px;--awb-padding-right:8vw;--awb-padding-bottom:26px;--awb-padding-left:8vw;--awb-padding-right-medium:40px;--awb-padding-left-medium:40px;--awb-padding-top-small:60px;--awb-padding-bottom-small:60px;--awb-margin-top:0px;--awb-margin-bottom:0px;--awb-background-color:#ffffff;--awb-flex-wrap:wrap;\" ><div class=\"fusion-builder-row fusion-row fusion-flex-align-items-stretch fusion-flex-justify-content-center fusion-flex-content-wrap\" style=\"width:104% !important;max-width:104% !important;margin-left: calc(-4% \/ 2 );margin-right: calc(-4% \/ 2 );\"><div class=\"fusion-layout-column fusion_builder_column fusion-builder-column-0 fusion_builder_column_1_1 1_1 fusion-flex-column fusion-animated\" style=\"--awb-padding-right:7vw;--awb-padding-left:7vw;--awb-padding-right-medium:0px;--awb-padding-left-medium:0px;--awb-bg-size:cover;--awb-width-large:100%;--awb-margin-top-large:0px;--awb-spacing-right-large:2.304%;--awb-margin-bottom-large:0px;--awb-spacing-left-large:1.92%;--awb-width-medium:60%;--awb-order-medium:0;--awb-spacing-right-medium:3.84%;--awb-spacing-left-medium:3.2%;--awb-width-small:100%;--awb-order-small:1;--awb-spacing-right-small:1.92%;--awb-margin-bottom-small:0px;--awb-spacing-left-small:1.92%;\" data-animationType=\"fadeInRight\" data-animationDuration=\"1.3\" data-animationOffset=\"top-into-view\"><div class=\"fusion-column-wrapper fusion-column-has-shadow fusion-flex-justify-content-center fusion-content-layout-column\"><i class=\"fb-icon-element-1 fb-icon-element fontawesome-icon fa-flask fas circle-yes\" style=\"--awb-iconcolor:#ffffff;--awb-iconcolor-hover:#ffffff;--awb-circlecolor:rgba(221,172,187,1);--awb-circlecolor-hover:#c6758f;--awb-circlebordercolor:#7e4e55;--awb-circlebordercolor-hover:#b8d6a8;--awb-circlebordersize:0px;--awb-font-size:39px;--awb-width:101px;--awb-height:101px;--awb-line-height:101px;--awb-align-self:center;--awb-margin-top:0px;--awb-margin-right:0px;--awb-margin-bottom:20px;--awb-margin-left:0px;\"><\/i><div class=\"fusion-title title fusion-title-1 fusion-no-small-visibility fusion-no-medium-visibility fusion-sep-none fusion-title-center fusion-title-text fusion-title-size-two\" style=\"--awb-text-color:#140a0e;--awb-margin-bottom:10px;--awb-margin-top-small:10px;--awb-margin-right-small:0px;--awb-margin-bottom-small:50px;--awb-margin-left-small:0px;--awb-sep-color:#d1d1d1;--awb-font-size:54px;\"><h2 class=\"fusion-title-heading title-heading-center fusion-responsive-typography-calculated\" style=\"font-family:&quot;Gowun Batang&quot;;font-style:normal;font-weight:400;margin:0;letter-spacing:-1px;text-transform:var(--awb-typography1-text-transform);font-size:1em;--fontSize:54;line-height:1.2;\">Labor und Diagnostik<\/h2><\/div><div class=\"fusion-title title fusion-title-2 fusion-no-large-visibility fusion-sep-none fusion-title-center fusion-title-text fusion-title-size-one\" style=\"--awb-text-color:#140a0e;--awb-margin-bottom:40px;--awb-margin-top-small:10px;--awb-margin-right-small:0px;--awb-margin-bottom-small:50px;--awb-margin-left-small:0px;--awb-sep-color:#d1d1d1;--awb-font-size:44px;\"><h1 class=\"fusion-title-heading title-heading-center fusion-responsive-typography-calculated\" style=\"font-family:&quot;Gowun Batang&quot;;font-style:normal;font-weight:400;margin:0;letter-spacing:-1px;text-transform:var(--awb-typography1-text-transform);font-size:1em;--fontSize:44;line-height:1.2;\">Yoga takes you into the present moment. The only place where life exists.<\/h1><\/div><div class=\"fusion-text fusion-text-1 fusion-text-no-margin\" style=\"--awb-content-alignment:center;--awb-font-size:20px;--awb-line-height:1.7;--awb-letter-spacing:-1px;--awb-text-transform:var(--awb-typography4-text-transform);--awb-text-color:#140a0e;--awb-margin-right:5%;--awb-margin-left:5%;--awb-text-font-family:&quot;IBM Plex Sans&quot;;--awb-text-font-style:normal;--awb-text-font-weight:400;\"><p>Die heutige Medizin ben\u00f6tigt weit mehr als nur ein Stethoskop. Durch moderne Diagnostik- und Analyseger\u00e4te wie z.B. zur Messung eines Entz\u00fcndungswertes (CRP), versuchen wir immer am neusten Stand der Technik zu sein.<\/p>\n<\/div><\/div><\/div><div class=\"fusion-layout-column fusion_builder_column fusion-builder-column-1 fusion_builder_column_3_5 3_5 fusion-flex-column fusion-animated\" style=\"--awb-padding-right:7vw;--awb-padding-left:7vw;--awb-padding-right-medium:0px;--awb-padding-left-medium:0px;--awb-bg-size:cover;--awb-width-large:60%;--awb-margin-top-large:0px;--awb-spacing-right-large:3.84%;--awb-margin-bottom-large:0px;--awb-spacing-left-large:3.2%;--awb-width-medium:60%;--awb-order-medium:0;--awb-spacing-right-medium:3.84%;--awb-spacing-left-medium:3.2%;--awb-width-small:100%;--awb-order-small:1;--awb-spacing-right-small:1.92%;--awb-margin-bottom-small:0px;--awb-spacing-left-small:1.92%;\" data-animationType=\"fadeInRight\" data-animationDuration=\"1.3\" data-animationOffset=\"top-into-view\"><div class=\"fusion-column-wrapper fusion-column-has-shadow fusion-flex-justify-content-center fusion-content-layout-column\"><div class=\"fusion-title title fusion-title-3 fusion-no-large-visibility fusion-sep-none fusion-title-center fusion-title-text fusion-title-size-one\" style=\"--awb-text-color:#140a0e;--awb-margin-bottom:40px;--awb-margin-top-small:10px;--awb-margin-right-small:0px;--awb-margin-bottom-small:50px;--awb-margin-left-small:0px;--awb-sep-color:#d1d1d1;--awb-font-size:44px;\"><h1 class=\"fusion-title-heading title-heading-center fusion-responsive-typography-calculated\" style=\"font-family:&quot;Gowun Batang&quot;;font-style:normal;font-weight:400;margin:0;letter-spacing:-1px;text-transform:var(--awb-typography1-text-transform);font-size:1em;--fontSize:44;line-height:1.2;\">Yoga takes you into the present moment. The only place where life exists.<\/h1><\/div><\/div><\/div><\/div><\/div><div class=\"fusion-fullwidth fullwidth-box fusion-builder-row-2 fusion-flex-container hundred-percent-fullwidth non-hundred-percent-height-scrolling\" style=\"--link_hover_color: #7e4e55;--link_color: #c6758f;--awb-border-sizes-top:0px;--awb-border-sizes-bottom:0px;--awb-border-sizes-left:0px;--awb-border-sizes-right:0px;--awb-border-color:#d1d1d1;--awb-border-radius-top-left:0px;--awb-border-radius-top-right:0px;--awb-border-radius-bottom-right:0px;--awb-border-radius-bottom-left:0px;--awb-padding-top:22px;--awb-padding-right:8vw;--awb-padding-bottom:60px;--awb-padding-left:8vw;--awb-padding-right-medium:40px;--awb-padding-left-medium:40px;--awb-padding-top-small:60px;--awb-padding-bottom-small:60px;--awb-margin-top:0px;--awb-margin-bottom:0px;--awb-background-color:#ffffff;--awb-flex-wrap:wrap;\" ><div class=\"fusion-builder-row fusion-row fusion-flex-align-items-stretch fusion-flex-justify-content-center fusion-flex-content-wrap\" style=\"width:104% !important;max-width:104% !important;margin-left: calc(-4% \/ 2 );margin-right: calc(-4% \/ 2 );\"><div class=\"fusion-layout-column fusion_builder_column fusion-builder-column-2 fusion_builder_column_3_5 3_5 fusion-flex-column fusion-animated\" style=\"--awb-padding-right:7vw;--awb-padding-left:7vw;--awb-padding-right-medium:0px;--awb-padding-left-medium:0px;--awb-bg-size:cover;--awb-width-large:60%;--awb-margin-top-large:0px;--awb-spacing-right-large:3.84%;--awb-margin-bottom-large:0px;--awb-spacing-left-large:3.2%;--awb-width-medium:60%;--awb-order-medium:0;--awb-spacing-right-medium:3.84%;--awb-spacing-left-medium:3.2%;--awb-width-small:100%;--awb-order-small:1;--awb-spacing-right-small:1.92%;--awb-margin-bottom-small:0px;--awb-spacing-left-small:1.92%;\" data-animationType=\"fadeInRight\" data-animationDuration=\"1.3\" data-animationOffset=\"top-into-view\"><div class=\"fusion-column-wrapper fusion-column-has-shadow fusion-flex-justify-content-center fusion-content-layout-column\"><div class=\"fusion-title title fusion-title-4 fusion-no-large-visibility fusion-sep-none fusion-title-center fusion-title-text fusion-title-size-one\" style=\"--awb-text-color:#140a0e;--awb-margin-bottom:40px;--awb-margin-top-small:10px;--awb-margin-right-small:0px;--awb-margin-bottom-small:50px;--awb-margin-left-small:0px;--awb-sep-color:#d1d1d1;--awb-font-size:44px;\"><h1 class=\"fusion-title-heading title-heading-center fusion-responsive-typography-calculated\" style=\"font-family:&quot;Gowun Batang&quot;;font-style:normal;font-weight:400;margin:0;letter-spacing:-1px;text-transform:var(--awb-typography1-text-transform);font-size:1em;--fontSize:44;line-height:1.2;\">Yoga takes you into the present moment. The only place where life exists.<\/h1><\/div><div class=\"fusion-text fusion-text-2 fusion-text-no-margin\" style=\"--awb-content-alignment:left;--awb-font-size:20px;--awb-line-height:1.7;--awb-letter-spacing:-1px;--awb-text-transform:var(--awb-typography4-text-transform);--awb-text-color:#140a0e;--awb-margin-right:5%;--awb-margin-left:5%;--awb-text-font-family:&quot;IBM Plex Sans&quot;;--awb-text-font-style:normal;--awb-text-font-weight:400;\"><p>In Kooperation mit unserem Partnerlabor bieten wir eine breite Palette an Laborchemischen Untersuchungen an. Die meisten Bestimmungen werden bei medizinisch indizierter Diagnostik von den Krankenkassen \u00fcbernommen. Nat\u00fcrlich k\u00f6nnen auch private, bzw Bestimmungen welche die Kasse nicht \u00fcbernimmt aber zur Diagnostik erforderlich w\u00e4ren angefordert werden. Dies f\u00e4llt unter Privatleistung und wird Ihnen in Rechnung gestellt. Gerne werden wir Sie \u00fcber anfallende Kostenbeitr\u00e4ge informieren.<\/p>\n<p>Blutabnahmen sind ausschlie\u00dflich MO und MI ab 07.30 Uhr und akut zu jeder Zeit m\u00f6glich!<\/p>\n<\/div><\/div><\/div><div class=\"fusion-layout-column fusion_builder_column fusion-builder-column-3 fusion_builder_column_2_5 2_5 fusion-flex-column fusion-animated\" style=\"--awb-bg-size:cover;--awb-width-large:40%;--awb-margin-top-large:0px;--awb-spacing-right-large:4.8%;--awb-margin-bottom-large:0px;--awb-spacing-left-large:3.84%;--awb-width-medium:40%;--awb-order-medium:0;--awb-spacing-right-medium:4.8%;--awb-spacing-left-medium:3.84%;--awb-width-small:100%;--awb-order-small:0;--awb-spacing-right-small:1.92%;--awb-margin-bottom-small:60px;--awb-spacing-left-small:1.92%;\" data-animationType=\"fadeInLeft\" data-animationDuration=\"1.3\" data-animationOffset=\"top-into-view\"><div class=\"fusion-column-wrapper fusion-column-has-shadow fusion-flex-justify-content-flex-start fusion-content-layout-column\"><div class=\"fusion-image-element \" style=\"--awb-caption-overlay-color:#b8d6a8;--awb-caption-title-font-family:var(--h2_typography-font-family);--awb-caption-title-font-weight:var(--h2_typography-font-weight);--awb-caption-title-font-style:var(--h2_typography-font-style);--awb-caption-title-size:var(--h2_typography-font-size);--awb-caption-title-transform:var(--h2_typography-text-transform);--awb-caption-title-line-height:var(--h2_typography-line-height);--awb-caption-title-letter-spacing:var(--h2_typography-letter-spacing);\"><span class=\" fusion-imageframe imageframe-none imageframe-1 hover-type-none\" style=\"border-radius:5px;\"><img decoding=\"async\" width=\"2560\" height=\"1707\" title=\"Koder 143\" src=\"https:\/\/ordination-schwarzau.at\/wp-content\/uploads\/2023\/01\/Koder-143-scaled.jpg\" alt class=\"img-responsive wp-image-96\" srcset=\"https:\/\/ordination-schwarzau.at\/wp-content\/uploads\/2023\/01\/Koder-143-200x133.jpg 200w, https:\/\/ordination-schwarzau.at\/wp-content\/uploads\/2023\/01\/Koder-143-400x267.jpg 400w, https:\/\/ordination-schwarzau.at\/wp-content\/uploads\/2023\/01\/Koder-143-600x400.jpg 600w, https:\/\/ordination-schwarzau.at\/wp-content\/uploads\/2023\/01\/Koder-143-800x533.jpg 800w, https:\/\/ordination-schwarzau.at\/wp-content\/uploads\/2023\/01\/Koder-143-1200x800.jpg 1200w, https:\/\/ordination-schwarzau.at\/wp-content\/uploads\/2023\/01\/Koder-143-scaled.jpg 2560w\" sizes=\"(max-width: 640px) 100vw, 600px\" \/><\/span><\/div><\/div><\/div><\/div><\/div><div class=\"fusion-fullwidth fullwidth-box fusion-builder-row-3 fusion-flex-container hundred-percent-fullwidth non-hundred-percent-height-scrolling\" style=\"--link_hover_color: #7e4e55;--link_color: #c6758f;--awb-border-sizes-top:0px;--awb-border-sizes-bottom:0px;--awb-border-sizes-left:0px;--awb-border-sizes-right:0px;--awb-border-color:#d1d1d1;--awb-border-radius-top-left:0px;--awb-border-radius-top-right:0px;--awb-border-radius-bottom-right:0px;--awb-border-radius-bottom-left:0px;--awb-padding-top:60px;--awb-padding-right:8vw;--awb-padding-bottom:60px;--awb-padding-left:8vw;--awb-padding-right-medium:40px;--awb-padding-left-medium:40px;--awb-padding-top-small:60px;--awb-padding-bottom-small:60px;--awb-margin-top:0px;--awb-margin-bottom:0px;--awb-background-color:#f9fdff;--awb-flex-wrap:wrap;\" ><div class=\"fusion-builder-row fusion-row fusion-flex-align-items-stretch fusion-flex-justify-content-center fusion-flex-content-wrap\" style=\"width:104% !important;max-width:104% !important;margin-left: calc(-4% \/ 2 );margin-right: calc(-4% \/ 2 );\"><div class=\"fusion-layout-column fusion_builder_column fusion-builder-column-4 fusion_builder_column_2_5 2_5 fusion-flex-column fusion-animated\" style=\"--awb-bg-size:cover;--awb-width-large:40%;--awb-margin-top-large:0px;--awb-spacing-right-large:3.84%;--awb-margin-bottom-large:0px;--awb-spacing-left-large:4.8%;--awb-width-medium:40%;--awb-order-medium:0;--awb-spacing-right-medium:3.84%;--awb-spacing-left-medium:4.8%;--awb-width-small:100%;--awb-order-small:0;--awb-spacing-right-small:1.92%;--awb-margin-bottom-small:60px;--awb-spacing-left-small:1.92%;\" data-animationType=\"fadeInLeft\" data-animationDuration=\"1.3\" data-animationOffset=\"top-into-view\"><div class=\"fusion-column-wrapper fusion-column-has-shadow fusion-flex-justify-content-flex-start fusion-content-layout-column\"><div class=\"fusion-image-element \" style=\"--awb-aspect-ratio:1 \/ 1;--awb-object-position:23% 24%;--awb-caption-overlay-color:#b8d6a8;--awb-caption-title-font-family:var(--h2_typography-font-family);--awb-caption-title-font-weight:var(--h2_typography-font-weight);--awb-caption-title-font-style:var(--h2_typography-font-style);--awb-caption-title-size:var(--h2_typography-font-size);--awb-caption-title-transform:var(--h2_typography-text-transform);--awb-caption-title-line-height:var(--h2_typography-line-height);--awb-caption-title-letter-spacing:var(--h2_typography-letter-spacing);\"><span class=\" fusion-imageframe imageframe-none imageframe-2 hover-type-none has-aspect-ratio\" style=\"border-radius:5px;\"><img decoding=\"async\" width=\"2560\" height=\"1707\" title=\"Koder 153\" src=\"https:\/\/ordination-schwarzau.at\/wp-content\/uploads\/2023\/01\/Koder-153-scaled.jpg\" class=\"img-responsive wp-image-98 img-with-aspect-ratio\" data-parent-fit=\"cover\" data-parent-container=\".fusion-image-element\" alt srcset=\"https:\/\/ordination-schwarzau.at\/wp-content\/uploads\/2023\/01\/Koder-153-200x133.jpg 200w, https:\/\/ordination-schwarzau.at\/wp-content\/uploads\/2023\/01\/Koder-153-400x267.jpg 400w, https:\/\/ordination-schwarzau.at\/wp-content\/uploads\/2023\/01\/Koder-153-600x400.jpg 600w, https:\/\/ordination-schwarzau.at\/wp-content\/uploads\/2023\/01\/Koder-153-800x533.jpg 800w, https:\/\/ordination-schwarzau.at\/wp-content\/uploads\/2023\/01\/Koder-153-1200x800.jpg 1200w, https:\/\/ordination-schwarzau.at\/wp-content\/uploads\/2023\/01\/Koder-153-scaled.jpg 2560w\" sizes=\"(max-width: 640px) 100vw, 600px\" \/><\/span><\/div><\/div><\/div><div class=\"fusion-layout-column fusion_builder_column fusion-builder-column-5 fusion_builder_column_3_5 3_5 fusion-flex-column fusion-animated\" style=\"--awb-padding-right:5vw;--awb-padding-left:5vw;--awb-padding-right-medium:0px;--awb-padding-left-medium:0px;--awb-bg-size:cover;--awb-width-large:60%;--awb-margin-top-large:0px;--awb-spacing-right-large:3.2%;--awb-margin-bottom-large:0px;--awb-spacing-left-large:3.84%;--awb-width-medium:60%;--awb-order-medium:0;--awb-spacing-right-medium:3.2%;--awb-spacing-left-medium:3.84%;--awb-width-small:100%;--awb-order-small:1;--awb-spacing-right-small:1.92%;--awb-margin-bottom-small:0px;--awb-spacing-left-small:1.92%;\" data-animationType=\"fadeInRight\" data-animationDuration=\"1.3\" data-animationOffset=\"top-into-view\"><div class=\"fusion-column-wrapper fusion-column-has-shadow fusion-flex-justify-content-center fusion-content-layout-column\"><div class=\"fusion-title title fusion-title-5 fusion-no-large-visibility fusion-sep-none fusion-title-center fusion-title-text fusion-title-size-one\" style=\"--awb-text-color:#140a0e;--awb-margin-bottom:40px;--awb-margin-top-small:10px;--awb-margin-right-small:0px;--awb-margin-bottom-small:50px;--awb-margin-left-small:0px;--awb-sep-color:#d1d1d1;--awb-font-size:44px;\"><h1 class=\"fusion-title-heading title-heading-center fusion-responsive-typography-calculated\" style=\"font-family:&quot;Gowun Batang&quot;;font-style:normal;font-weight:400;margin:0;letter-spacing:-1px;text-transform:var(--awb-typography1-text-transform);font-size:1em;--fontSize:44;line-height:1.2;\">Yoga takes you into the present moment. The only place where life exists.<\/h1><\/div><div class=\"fusion-title title fusion-title-6 fusion-no-small-visibility fusion-no-medium-visibility fusion-sep-none fusion-title-center fusion-title-text fusion-title-size-two\" style=\"--awb-text-color:#140a0e;--awb-margin-bottom:40px;--awb-margin-top-small:10px;--awb-margin-right-small:0px;--awb-margin-bottom-small:50px;--awb-margin-left-small:0px;--awb-sep-color:#d1d1d1;--awb-font-size:54px;\"><h2 class=\"fusion-title-heading title-heading-center fusion-responsive-typography-calculated\" style=\"font-family:&quot;Gowun Batang&quot;;font-style:normal;font-weight:400;margin:0;letter-spacing:-1px;text-transform:var(--awb-typography1-text-transform);font-size:1em;--fontSize:54;line-height:1.2;\">Akutwerte<\/h2><\/div><div class=\"fusion-text fusion-text-3 fusion-text-no-margin\" style=\"--awb-content-alignment:center;--awb-font-size:20px;--awb-line-height:1.7;--awb-letter-spacing:-1px;--awb-text-transform:var(--awb-typography4-text-transform);--awb-text-color:#140a0e;--awb-margin-right:2%;--awb-margin-left:2%;--awb-text-font-family:&quot;IBM Plex Sans&quot;;--awb-text-font-style:normal;--awb-text-font-weight:400;\"><p>Manche Krankheitsbilder erfordern ein schnelles Handeln, daher bieten wir auch Akute-Blutparameter-Messungen und diverse Schnelltests an. Diese Tests erm\u00f6glichen uns eine schnelle und pr\u00e4zise Diagnose zu stellen und helfen uns dabei, unsere Patienten schnellstm\u00f6glich mit der richtigen Behandlung zu versorgen. Unter anderem f\u00fchren wir Messungen des CRP, des Blutbildes (BB), des Troponins (bei Herzinfarkt), des D-Dimers (bei Thrombose), des SARS-CoV-2 Antigens (COVID-19) und des Influenza-Antigens durch. Dies erm\u00f6glicht uns eine schnelle und zuverl\u00e4ssige Diagnose und unterst\u00fctzt uns dabei, unsere Patienten bestm\u00f6glichst zu behandeln.<\/p>\n<\/div><\/div><\/div><\/div><\/div><\/p>\n","protected":false},"excerpt":{"rendered":"","protected":false},"author":1,"featured_media":0,"parent":72,"menu_order":0,"comment_status":"closed","ping_status":"closed","template":"100-width.php","meta":{"footnotes":""},"class_list":["post-212","page","type-page","status-publish","hentry"],"yoast_head":"<!-- This site is optimized with the Yoast SEO plugin v27.6 - https:\/\/yoast.com\/product\/yoast-seo-wordpress\/ -->\n<title>Labor und Diagnostik - Ordination Dr. Koderhold-Omasits<\/title>\n<meta name=\"robots\" content=\"index, follow, max-snippet:-1, max-image-preview:large, max-video-preview:-1\" \/>\n<link rel=\"canonical\" href=\"https:\/\/ordination-schwarzau.at\/index.php\/behandlung\/labor-und-diagnostik\/\" \/>\n<meta property=\"og:locale\" content=\"de_DE\" \/>\n<meta property=\"og:type\" content=\"article\" \/>\n<meta property=\"og:title\" content=\"Labor und Diagnostik - Ordination Dr. Koderhold-Omasits\" \/>\n<meta property=\"og:url\" content=\"https:\/\/ordination-schwarzau.at\/index.php\/behandlung\/labor-und-diagnostik\/\" \/>\n<meta property=\"og:site_name\" content=\"Ordination Dr. Koderhold-Omasits\" \/>\n<meta property=\"article:modified_time\" content=\"2023-02-03T14:18:39+00:00\" \/>\n<meta name=\"twitter:card\" content=\"summary_large_image\" \/>\n<meta name=\"twitter:label1\" content=\"Gesch\u00e4tzte Lesezeit\" \/>\n\t<meta name=\"twitter:data1\" content=\"8\u00a0Minuten\" \/>\n<script type=\"application\/ld+json\" class=\"yoast-schema-graph\">{\"@context\":\"https:\\\/\\\/schema.org\",\"@graph\":[{\"@type\":\"WebPage\",\"@id\":\"https:\\\/\\\/ordination-schwarzau.at\\\/index.php\\\/behandlung\\\/labor-und-diagnostik\\\/\",\"url\":\"https:\\\/\\\/ordination-schwarzau.at\\\/index.php\\\/behandlung\\\/labor-und-diagnostik\\\/\",\"name\":\"Labor und Diagnostik - Ordination Dr. Koderhold-Omasits\",\"isPartOf\":{\"@id\":\"https:\\\/\\\/ordination-schwarzau.at\\\/#website\"},\"datePublished\":\"2023-01-25T16:01:22+00:00\",\"dateModified\":\"2023-02-03T14:18:39+00:00\",\"breadcrumb\":{\"@id\":\"https:\\\/\\\/ordination-schwarzau.at\\\/index.php\\\/behandlung\\\/labor-und-diagnostik\\\/#breadcrumb\"},\"inLanguage\":\"de\",\"potentialAction\":[{\"@type\":\"ReadAction\",\"target\":[\"https:\\\/\\\/ordination-schwarzau.at\\\/index.php\\\/behandlung\\\/labor-und-diagnostik\\\/\"]}]},{\"@type\":\"BreadcrumbList\",\"@id\":\"https:\\\/\\\/ordination-schwarzau.at\\\/index.php\\\/behandlung\\\/labor-und-diagnostik\\\/#breadcrumb\",\"itemListElement\":[{\"@type\":\"ListItem\",\"position\":1,\"name\":\"Startseite\",\"item\":\"https:\\\/\\\/ordination-schwarzau.at\\\/\"},{\"@type\":\"ListItem\",\"position\":2,\"name\":\"Behandlung\",\"item\":\"https:\\\/\\\/ordination-schwarzau.at\\\/index.php\\\/behandlung\\\/\"},{\"@type\":\"ListItem\",\"position\":3,\"name\":\"Labor und Diagnostik\"}]},{\"@type\":\"WebSite\",\"@id\":\"https:\\\/\\\/ordination-schwarzau.at\\\/#website\",\"url\":\"https:\\\/\\\/ordination-schwarzau.at\\\/\",\"name\":\"Ordination Dr. Koderhold-Omasits\",\"description\":\"\u00c4rztin f\u00fcr Allgemeinmedizin\",\"potentialAction\":[{\"@type\":\"SearchAction\",\"target\":{\"@type\":\"EntryPoint\",\"urlTemplate\":\"https:\\\/\\\/ordination-schwarzau.at\\\/?s={search_term_string}\"},\"query-input\":{\"@type\":\"PropertyValueSpecification\",\"valueRequired\":true,\"valueName\":\"search_term_string\"}}],\"inLanguage\":\"de\"}]}<\/script>\n<!-- \/ Yoast SEO plugin. -->","yoast_head_json":{"title":"Labor und Diagnostik - Ordination Dr. Koderhold-Omasits","robots":{"index":"index","follow":"follow","max-snippet":"max-snippet:-1","max-image-preview":"max-image-preview:large","max-video-preview":"max-video-preview:-1"},"canonical":"https:\/\/ordination-schwarzau.at\/index.php\/behandlung\/labor-und-diagnostik\/","og_locale":"de_DE","og_type":"article","og_title":"Labor und Diagnostik - Ordination Dr. Koderhold-Omasits","og_url":"https:\/\/ordination-schwarzau.at\/index.php\/behandlung\/labor-und-diagnostik\/","og_site_name":"Ordination Dr. Koderhold-Omasits","article_modified_time":"2023-02-03T14:18:39+00:00","twitter_card":"summary_large_image","twitter_misc":{"Gesch\u00e4tzte Lesezeit":"8\u00a0Minuten"},"schema":{"@context":"https:\/\/schema.org","@graph":[{"@type":"WebPage","@id":"https:\/\/ordination-schwarzau.at\/index.php\/behandlung\/labor-und-diagnostik\/","url":"https:\/\/ordination-schwarzau.at\/index.php\/behandlung\/labor-und-diagnostik\/","name":"Labor und Diagnostik - Ordination Dr. Koderhold-Omasits","isPartOf":{"@id":"https:\/\/ordination-schwarzau.at\/#website"},"datePublished":"2023-01-25T16:01:22+00:00","dateModified":"2023-02-03T14:18:39+00:00","breadcrumb":{"@id":"https:\/\/ordination-schwarzau.at\/index.php\/behandlung\/labor-und-diagnostik\/#breadcrumb"},"inLanguage":"de","potentialAction":[{"@type":"ReadAction","target":["https:\/\/ordination-schwarzau.at\/index.php\/behandlung\/labor-und-diagnostik\/"]}]},{"@type":"BreadcrumbList","@id":"https:\/\/ordination-schwarzau.at\/index.php\/behandlung\/labor-und-diagnostik\/#breadcrumb","itemListElement":[{"@type":"ListItem","position":1,"name":"Startseite","item":"https:\/\/ordination-schwarzau.at\/"},{"@type":"ListItem","position":2,"name":"Behandlung","item":"https:\/\/ordination-schwarzau.at\/index.php\/behandlung\/"},{"@type":"ListItem","position":3,"name":"Labor und Diagnostik"}]},{"@type":"WebSite","@id":"https:\/\/ordination-schwarzau.at\/#website","url":"https:\/\/ordination-schwarzau.at\/","name":"Ordination Dr. Koderhold-Omasits","description":"\u00c4rztin f\u00fcr Allgemeinmedizin","potentialAction":[{"@type":"SearchAction","target":{"@type":"EntryPoint","urlTemplate":"https:\/\/ordination-schwarzau.at\/?s={search_term_string}"},"query-input":{"@type":"PropertyValueSpecification","valueRequired":true,"valueName":"search_term_string"}}],"inLanguage":"de"}]}},"_links":{"self":[{"href":"https:\/\/ordination-schwarzau.at\/index.php\/wp-json\/wp\/v2\/pages\/212","targetHints":{"allow":["GET"]}}],"collection":[{"href":"https:\/\/ordination-schwarzau.at\/index.php\/wp-json\/wp\/v2\/pages"}],"about":[{"href":"https:\/\/ordination-schwarzau.at\/index.php\/wp-json\/wp\/v2\/types\/page"}],"author":[{"embeddable":true,"href":"https:\/\/ordination-schwarzau.at\/index.php\/wp-json\/wp\/v2\/users\/1"}],"replies":[{"embeddable":true,"href":"https:\/\/ordination-schwarzau.at\/index.php\/wp-json\/wp\/v2\/comments?post=212"}],"version-history":[{"count":3,"href":"https:\/\/ordination-schwarzau.at\/index.php\/wp-json\/wp\/v2\/pages\/212\/revisions"}],"predecessor-version":[{"id":305,"href":"https:\/\/ordination-schwarzau.at\/index.php\/wp-json\/wp\/v2\/pages\/212\/revisions\/305"}],"up":[{"embeddable":true,"href":"https:\/\/ordination-schwarzau.at\/index.php\/wp-json\/wp\/v2\/pages\/72"}],"wp:attachment":[{"href":"https:\/\/ordination-schwarzau.at\/index.php\/wp-json\/wp\/v2\/media?parent=212"}],"curies":[{"name":"wp","href":"https:\/\/api.w.org\/{rel}","templated":true}]}}