{"id":230,"date":"2023-01-25T22:51:03","date_gmt":"2023-01-25T22:51:03","guid":{"rendered":"https:\/\/ordination-schwarzau.at\/?page_id=230"},"modified":"2023-02-03T14:00:08","modified_gmt":"2023-02-03T14:00:08","slug":"onlineterminbuchung","status":"publish","type":"page","link":"https:\/\/ordination-schwarzau.at\/index.php\/kontakt\/onlineterminbuchung\/","title":{"rendered":"Onlineterminbuchung"},"content":{"rendered":"<div class=\"fusion-fullwidth fullwidth-box fusion-builder-row-1 fusion-flex-container nonhundred-percent-fullwidth non-hundred-percent-height-scrolling\" style=\"--link_hover_color: #768e20;--link_color: #768e20;--awb-border-sizes-top:0px;--awb-border-sizes-bottom:0px;--awb-border-sizes-left:0px;--awb-border-sizes-right:0px;--awb-border-radius-top-left:0px;--awb-border-radius-top-right:0px;--awb-border-radius-bottom-right:0px;--awb-border-radius-bottom-left:0px;--awb-padding-top:90px;--awb-padding-right:30px;--awb-padding-bottom:90px;--awb-padding-left:30px;--awb-padding-bottom-medium:120px;--awb-padding-top-small:0px;--awb-padding-right-small:50px;--awb-padding-bottom-small:50px;--awb-padding-left-small:50px;--awb-margin-top:0px;--awb-margin-bottom:0px;--awb-margin-bottom-medium:0px;--awb-background-color:#ffffff;--awb-flex-wrap:wrap;\" ><div class=\"fusion-builder-row fusion-row fusion-flex-align-items-center fusion-flex-content-wrap\" style=\"max-width:calc( 1200px + 120px );margin-left: calc(-120px \/ 2 );margin-right: calc(-120px \/ 2 );\"><div class=\"fusion-layout-column fusion_builder_column fusion-builder-column-0 fusion_builder_column_1_1 1_1 fusion-flex-column fusion-flex-align-self-flex-start fusion-animated\" style=\"--awb-bg-size:cover;--awb-width-large:100%;--awb-margin-top-large:0px;--awb-spacing-right-large:60px;--awb-margin-bottom-large:0px;--awb-spacing-left-large:calc( 0.05 * calc( 100% - 120px ) );--awb-width-medium:50%;--awb-order-medium:0;--awb-spacing-right-medium:60px;--awb-margin-bottom-medium:0px;--awb-spacing-left-medium:calc( 0.1 * calc( 100% - 120px ) );--awb-width-small:100%;--awb-order-small:1;--awb-spacing-right-small:60px;--awb-spacing-left-small:60px;\" data-animationType=\"fadeInLeft\" data-animationDuration=\"1.3\" data-animationOffset=\"top-into-view\"><div class=\"fusion-column-wrapper fusion-column-has-shadow fusion-flex-justify-content-flex-start fusion-content-layout-column\"><div class=\"fusion-title title fusion-title-1 fusion-sep-none fusion-title-center fusion-title-text fusion-title-size-two\" style=\"--awb-text-color:#0d0f01;--awb-margin-top:0px;--awb-margin-bottom:30px;--awb-margin-top-small:10px;--awb-margin-right-small:0px;--awb-margin-bottom-small:10px;--awb-margin-left-small:0px;--awb-font-size:46px;\"><h2 class=\"fusion-title-heading title-heading-center fusion-responsive-typography-calculated\" style=\"font-family:&quot;Kaisei Decol&quot;;font-style:normal;font-weight:500;margin:0;letter-spacing:var(--awb-typography1-letter-spacing);text-transform:var(--awb-typography1-text-transform);font-size:1em;--fontSize:46;line-height:1.2;\"><p style=\"text-align: left;\">Onlineterminbuchung<\/p><\/h2><\/div><div class=\"fusion-text fusion-text-1 fusion-text-no-margin\" style=\"--awb-content-alignment:justify;--awb-font-size:20px;--awb-line-height:1.7;--awb-letter-spacing:0px;--awb-text-transform:var(--awb-typography4-text-transform);--awb-text-color:rgba(12,14,1,0.8);--awb-margin-right:5%;--awb-margin-left:5%;--awb-text-font-family:&quot;Roboto&quot;;--awb-text-font-style:normal;--awb-text-font-weight:400;\"><p>Sie haben die M\u00f6glichkeit, bei uns Online einen Termin zu buchen. Onlinetermine beziehen sich ausschlie\u00dflich auf die unten angef\u00fchrten Behandlungen. Der Fairness halber bitten wir Sie nicht mehrere Termine gleichzeitig zu buchen. Das blockiert unsere Terminvergaben f\u00fcr andere Patienten. Bitte vergessen Sie bei jeden Besuch nicht auf Ihre E-Card. Beachten Sie bitte die zur Verf\u00fcgung gestellten Dokumente unter Downloads.<\/p>\n<p><i>Vielen Dank f\u00fcr Ihr Verst\u00e4ndnis!<\/i><\/p>\n<\/div><\/div><\/div><div class=\"fusion-layout-column fusion_builder_column fusion-builder-column-1 fusion_builder_column_1_1 1_1 fusion-flex-column fusion-animated\" style=\"--awb-padding-top:50px;--awb-padding-bottom:85px;--awb-bg-size:cover;--awb-width-large:100%;--awb-margin-top-large:0px;--awb-spacing-right-large:calc( 0.05 * calc( 100% - 120px ) );--awb-margin-bottom-large:0px;--awb-spacing-left-large:calc( 0.05 * calc( 100% - 120px ) );--awb-width-medium:50%;--awb-order-medium:0;--awb-spacing-right-medium:calc( 0.1 * calc( 100% - 120px ) );--awb-margin-bottom-medium:0px;--awb-spacing-left-medium:calc( 0.1 * calc( 100% - 120px ) );--awb-width-small:100%;--awb-order-small:1;--awb-spacing-right-small:60px;--awb-spacing-left-small:60px;\" data-animationType=\"fadeInLeft\" data-animationDuration=\"1.3\" data-animationOffset=\"top-into-view\"><div class=\"fusion-column-wrapper fusion-column-has-shadow fusion-flex-justify-content-flex-start fusion-content-layout-column\"><timesloth-events data-customer=\"ordination-schwarzau\" data-lang=\"de\" data-integration=\"appointments\"><\/timesloth-events><\/div><\/div><\/div><\/div>\n","protected":false},"excerpt":{"rendered":"","protected":false},"author":1,"featured_media":0,"parent":65,"menu_order":0,"comment_status":"closed","ping_status":"closed","template":"100-width.php","meta":{"footnotes":""},"class_list":["post-230","page","type-page","status-publish","hentry"],"yoast_head":"<!-- This site is optimized with the Yoast SEO plugin v27.5 - https:\/\/yoast.com\/product\/yoast-seo-wordpress\/ -->\n<title>Onlineterminbuchung - Ordination Dr. Koderhold-Omasits<\/title>\n<meta name=\"robots\" content=\"index, follow, max-snippet:-1, max-image-preview:large, max-video-preview:-1\" \/>\n<link rel=\"canonical\" href=\"https:\/\/ordination-schwarzau.at\/index.php\/kontakt\/onlineterminbuchung\/\" \/>\n<meta property=\"og:locale\" content=\"de_DE\" \/>\n<meta property=\"og:type\" content=\"article\" \/>\n<meta property=\"og:title\" content=\"Onlineterminbuchung - Ordination Dr. Koderhold-Omasits\" \/>\n<meta property=\"og:url\" content=\"https:\/\/ordination-schwarzau.at\/index.php\/kontakt\/onlineterminbuchung\/\" \/>\n<meta property=\"og:site_name\" content=\"Ordination Dr. Koderhold-Omasits\" \/>\n<meta property=\"article:modified_time\" content=\"2023-02-03T14:00:08+00:00\" \/>\n<meta name=\"twitter:card\" content=\"summary_large_image\" \/>\n<meta name=\"twitter:label1\" content=\"Gesch\u00e4tzte Lesezeit\" \/>\n\t<meta name=\"twitter:data1\" content=\"2\u00a0Minuten\" \/>\n<script type=\"application\/ld+json\" class=\"yoast-schema-graph\">{\"@context\":\"https:\\\/\\\/schema.org\",\"@graph\":[{\"@type\":\"WebPage\",\"@id\":\"https:\\\/\\\/ordination-schwarzau.at\\\/index.php\\\/kontakt\\\/onlineterminbuchung\\\/\",\"url\":\"https:\\\/\\\/ordination-schwarzau.at\\\/index.php\\\/kontakt\\\/onlineterminbuchung\\\/\",\"name\":\"Onlineterminbuchung - Ordination Dr. Koderhold-Omasits\",\"isPartOf\":{\"@id\":\"https:\\\/\\\/ordination-schwarzau.at\\\/#website\"},\"datePublished\":\"2023-01-25T22:51:03+00:00\",\"dateModified\":\"2023-02-03T14:00:08+00:00\",\"breadcrumb\":{\"@id\":\"https:\\\/\\\/ordination-schwarzau.at\\\/index.php\\\/kontakt\\\/onlineterminbuchung\\\/#breadcrumb\"},\"inLanguage\":\"de\",\"potentialAction\":[{\"@type\":\"ReadAction\",\"target\":[\"https:\\\/\\\/ordination-schwarzau.at\\\/index.php\\\/kontakt\\\/onlineterminbuchung\\\/\"]}]},{\"@type\":\"BreadcrumbList\",\"@id\":\"https:\\\/\\\/ordination-schwarzau.at\\\/index.php\\\/kontakt\\\/onlineterminbuchung\\\/#breadcrumb\",\"itemListElement\":[{\"@type\":\"ListItem\",\"position\":1,\"name\":\"Startseite\",\"item\":\"https:\\\/\\\/ordination-schwarzau.at\\\/\"},{\"@type\":\"ListItem\",\"position\":2,\"name\":\"Kontakt\",\"item\":\"https:\\\/\\\/ordination-schwarzau.at\\\/index.php\\\/kontakt\\\/\"},{\"@type\":\"ListItem\",\"position\":3,\"name\":\"Onlineterminbuchung\"}]},{\"@type\":\"WebSite\",\"@id\":\"https:\\\/\\\/ordination-schwarzau.at\\\/#website\",\"url\":\"https:\\\/\\\/ordination-schwarzau.at\\\/\",\"name\":\"Ordination Dr. Koderhold-Omasits\",\"description\":\"\u00c4rztin f\u00fcr Allgemeinmedizin\",\"potentialAction\":[{\"@type\":\"SearchAction\",\"target\":{\"@type\":\"EntryPoint\",\"urlTemplate\":\"https:\\\/\\\/ordination-schwarzau.at\\\/?s={search_term_string}\"},\"query-input\":{\"@type\":\"PropertyValueSpecification\",\"valueRequired\":true,\"valueName\":\"search_term_string\"}}],\"inLanguage\":\"de\"}]}<\/script>\n<!-- \/ Yoast SEO plugin. -->","yoast_head_json":{"title":"Onlineterminbuchung - Ordination Dr. Koderhold-Omasits","robots":{"index":"index","follow":"follow","max-snippet":"max-snippet:-1","max-image-preview":"max-image-preview:large","max-video-preview":"max-video-preview:-1"},"canonical":"https:\/\/ordination-schwarzau.at\/index.php\/kontakt\/onlineterminbuchung\/","og_locale":"de_DE","og_type":"article","og_title":"Onlineterminbuchung - Ordination Dr. Koderhold-Omasits","og_url":"https:\/\/ordination-schwarzau.at\/index.php\/kontakt\/onlineterminbuchung\/","og_site_name":"Ordination Dr. Koderhold-Omasits","article_modified_time":"2023-02-03T14:00:08+00:00","twitter_card":"summary_large_image","twitter_misc":{"Gesch\u00e4tzte Lesezeit":"2\u00a0Minuten"},"schema":{"@context":"https:\/\/schema.org","@graph":[{"@type":"WebPage","@id":"https:\/\/ordination-schwarzau.at\/index.php\/kontakt\/onlineterminbuchung\/","url":"https:\/\/ordination-schwarzau.at\/index.php\/kontakt\/onlineterminbuchung\/","name":"Onlineterminbuchung - Ordination Dr. Koderhold-Omasits","isPartOf":{"@id":"https:\/\/ordination-schwarzau.at\/#website"},"datePublished":"2023-01-25T22:51:03+00:00","dateModified":"2023-02-03T14:00:08+00:00","breadcrumb":{"@id":"https:\/\/ordination-schwarzau.at\/index.php\/kontakt\/onlineterminbuchung\/#breadcrumb"},"inLanguage":"de","potentialAction":[{"@type":"ReadAction","target":["https:\/\/ordination-schwarzau.at\/index.php\/kontakt\/onlineterminbuchung\/"]}]},{"@type":"BreadcrumbList","@id":"https:\/\/ordination-schwarzau.at\/index.php\/kontakt\/onlineterminbuchung\/#breadcrumb","itemListElement":[{"@type":"ListItem","position":1,"name":"Startseite","item":"https:\/\/ordination-schwarzau.at\/"},{"@type":"ListItem","position":2,"name":"Kontakt","item":"https:\/\/ordination-schwarzau.at\/index.php\/kontakt\/"},{"@type":"ListItem","position":3,"name":"Onlineterminbuchung"}]},{"@type":"WebSite","@id":"https:\/\/ordination-schwarzau.at\/#website","url":"https:\/\/ordination-schwarzau.at\/","name":"Ordination Dr. Koderhold-Omasits","description":"\u00c4rztin f\u00fcr Allgemeinmedizin","potentialAction":[{"@type":"SearchAction","target":{"@type":"EntryPoint","urlTemplate":"https:\/\/ordination-schwarzau.at\/?s={search_term_string}"},"query-input":{"@type":"PropertyValueSpecification","valueRequired":true,"valueName":"search_term_string"}}],"inLanguage":"de"}]}},"_links":{"self":[{"href":"https:\/\/ordination-schwarzau.at\/index.php\/wp-json\/wp\/v2\/pages\/230","targetHints":{"allow":["GET"]}}],"collection":[{"href":"https:\/\/ordination-schwarzau.at\/index.php\/wp-json\/wp\/v2\/pages"}],"about":[{"href":"https:\/\/ordination-schwarzau.at\/index.php\/wp-json\/wp\/v2\/types\/page"}],"author":[{"embeddable":true,"href":"https:\/\/ordination-schwarzau.at\/index.php\/wp-json\/wp\/v2\/users\/1"}],"replies":[{"embeddable":true,"href":"https:\/\/ordination-schwarzau.at\/index.php\/wp-json\/wp\/v2\/comments?post=230"}],"version-history":[{"count":9,"href":"https:\/\/ordination-schwarzau.at\/index.php\/wp-json\/wp\/v2\/pages\/230\/revisions"}],"predecessor-version":[{"id":288,"href":"https:\/\/ordination-schwarzau.at\/index.php\/wp-json\/wp\/v2\/pages\/230\/revisions\/288"}],"up":[{"embeddable":true,"href":"https:\/\/ordination-schwarzau.at\/index.php\/wp-json\/wp\/v2\/pages\/65"}],"wp:attachment":[{"href":"https:\/\/ordination-schwarzau.at\/index.php\/wp-json\/wp\/v2\/media?parent=230"}],"curies":[{"name":"wp","href":"https:\/\/api.w.org\/{rel}","templated":true}]}}