{"id":232,"date":"2023-01-25T22:51:34","date_gmt":"2023-01-25T22:51:34","guid":{"rendered":"https:\/\/ordination-schwarzau.at\/?page_id=232"},"modified":"2024-06-26T11:15:43","modified_gmt":"2024-06-26T11:15:43","slug":"rezeptonline","status":"publish","type":"page","link":"https:\/\/ordination-schwarzau.at\/index.php\/kontakt\/rezeptonline\/","title":{"rendered":"Rezeptonline"},"content":{"rendered":"<p><div class=\"fusion-fullwidth fullwidth-box fusion-builder-row-1 fusion-flex-container has-pattern-background has-mask-background nonhundred-percent-fullwidth non-hundred-percent-height-scrolling\" style=\"--awb-border-radius-top-left:0px;--awb-border-radius-top-right:0px;--awb-border-radius-bottom-right:0px;--awb-border-radius-bottom-left:0px;--awb-flex-wrap:wrap;\" ><div class=\"fusion-builder-row fusion-row fusion-flex-align-items-flex-start fusion-flex-content-wrap\" style=\"max-width:1248px;margin-left: calc(-4% \/ 2 );margin-right: calc(-4% \/ 2 );\"><div class=\"fusion-layout-column fusion_builder_column fusion-builder-column-0 fusion_builder_column_1_1 1_1 fusion-flex-column fusion-animated\" style=\"--awb-padding-right:5vw;--awb-padding-left:5vw;--awb-padding-right-medium:0px;--awb-padding-left-medium:0px;--awb-bg-size:cover;--awb-width-large:100%;--awb-margin-top-large:0px;--awb-spacing-right-large:1.92%;--awb-margin-bottom-large:0px;--awb-spacing-left-large:2.304%;--awb-width-medium:60%;--awb-order-medium:0;--awb-spacing-right-medium:3.2%;--awb-spacing-left-medium:3.84%;--awb-width-small:100%;--awb-order-small:1;--awb-spacing-right-small:1.92%;--awb-margin-bottom-small:0px;--awb-spacing-left-small:1.92%;\" data-animationType=\"fadeInRight\" data-animationDuration=\"1.3\" data-animationOffset=\"top-into-view\"><div class=\"fusion-column-wrapper fusion-column-has-shadow fusion-flex-justify-content-center fusion-content-layout-column\"><div class=\"fusion-image-element \" style=\"text-align:center;--awb-margin-bottom:20px;--awb-caption-title-font-family:var(--h2_typography-font-family);--awb-caption-title-font-weight:var(--h2_typography-font-weight);--awb-caption-title-font-style:var(--h2_typography-font-style);--awb-caption-title-size:var(--h2_typography-font-size);--awb-caption-title-transform:var(--h2_typography-text-transform);--awb-caption-title-line-height:var(--h2_typography-line-height);--awb-caption-title-letter-spacing:var(--h2_typography-letter-spacing);\"><span class=\" fusion-imageframe imageframe-none imageframe-1 hover-type-none\"><img decoding=\"async\" width=\"600\" height=\"113\" title=\"logo\" src=\"https:\/\/ordination-schwarzau.at\/wp-content\/uploads\/2023\/04\/logo-600x113.png\" alt class=\"img-responsive wp-image-384\" srcset=\"https:\/\/ordination-schwarzau.at\/wp-content\/uploads\/2023\/04\/logo-200x38.png 200w, https:\/\/ordination-schwarzau.at\/wp-content\/uploads\/2023\/04\/logo-400x76.png 400w, https:\/\/ordination-schwarzau.at\/wp-content\/uploads\/2023\/04\/logo-600x113.png 600w, https:\/\/ordination-schwarzau.at\/wp-content\/uploads\/2023\/04\/logo-800x151.png 800w, https:\/\/ordination-schwarzau.at\/wp-content\/uploads\/2023\/04\/logo.png 937w\" sizes=\"(max-width: 640px) 100vw, 600px\" \/><\/span><\/div><div class=\"fusion-text fusion-text-1 fusion-text-no-margin\" style=\"--awb-content-alignment:justify;--awb-font-size:20px;--awb-line-height:1.7;--awb-letter-spacing:-1px;--awb-text-transform:var(--awb-typography4-text-transform);--awb-text-color:#140a0e;--awb-margin-right:2%;--awb-margin-bottom:50px;--awb-margin-left:2%;--awb-text-font-family:&quot;IBM Plex Sans&quot;;--awb-text-font-style:normal;--awb-text-font-weight:400;\"><p>Hier haben Sie die M\u00f6glichkeit Ihre Medikamente vorzubestellen. Wenn Sie eine neue Bestellung aufgeben m\u00f6chten, klicken Sie bitte auf den Button &#8222;MEDIKAMENTE BESTELLEN&#8220;. Haben Sie bereits eine Bestellung get\u00e4tigt und wollen dessen Status abfragen w\u00e4hlen Sie bitte den Button &#8222;BESTELLSTATUS \u00dcBERPR\u00dcFEN&#8220;.<\/p>\n<\/div><\/div><\/div><\/div><\/div><div class=\"fusion-fullwidth fullwidth-box fusion-builder-row-2 fusion-flex-container has-pattern-background has-mask-background nonhundred-percent-fullwidth non-hundred-percent-height-scrolling\" style=\"--awb-border-radius-top-left:0px;--awb-border-radius-top-right:0px;--awb-border-radius-bottom-right:0px;--awb-border-radius-bottom-left:0px;--awb-flex-wrap:wrap;\" ><div class=\"fusion-builder-row fusion-row fusion-flex-align-items-flex-start fusion-flex-content-wrap\" style=\"max-width:1248px;margin-left: calc(-4% \/ 2 );margin-right: calc(-4% \/ 2 );\"><div class=\"fusion-layout-column fusion_builder_column fusion-builder-column-1 fusion_builder_column_1_2 1_2 fusion-flex-column\" style=\"--awb-bg-size:cover;--awb-width-large:50%;--awb-margin-top-large:0px;--awb-spacing-right-large:3.84%;--awb-margin-bottom-large:50px;--awb-spacing-left-large:3.84%;--awb-width-medium:50%;--awb-order-medium:0;--awb-spacing-right-medium:3.84%;--awb-spacing-left-medium:3.84%;--awb-width-small:100%;--awb-order-small:0;--awb-spacing-right-small:1.92%;--awb-spacing-left-small:1.92%;\"><div class=\"fusion-column-wrapper fusion-column-has-shadow fusion-flex-justify-content-flex-start fusion-content-layout-column\"><div class=\"fusion-text fusion-text-2\"><div class=\"elementor-icon-box-content\">\n<h3 class=\"elementor-icon-box-title fusion-responsive-typography-calculated\" style=\"text-align: center; --fontsize: 36; line-height: 1.2;\" data-fontsize=\"36\" data-lineheight=\"43.2px\">eRezept bestellen<\/h3>\n<p class=\"elementor-icon-box-description\" style=\"text-align: center;\">Nutzen Sie die neue &#8222;Rezeptbox&#8220; &#8211; Ihr direkter Draht zur Rezept-bestellung. Anonym, schnell und trotzdem mit R\u00fcckmeldung an Sie!<\/p>\n<\/div>\n<\/div><div style=\"text-align:center;\"><a class=\"fusion-button button-flat fusion-button-default-size button-default fusion-button-default button-1 fusion-button-default-span fusion-button-default-type\" style=\"--button_text_transform:uppercase;\" target=\"_blank\" rel=\"noopener noreferrer\" href=\"https:\/\/www.rezeptbox.at\/ordinationschwarzau\"><i class=\"fa-pills fas awb-button__icon awb-button__icon--default button-icon-left\" aria-hidden=\"true\"><\/i><span class=\"fusion-button-text awb-button__text awb-button__text--default\">Medikamente Bestellen<\/span><\/a><\/div><\/div><\/div><div class=\"fusion-layout-column fusion_builder_column fusion-builder-column-2 fusion_builder_column_1_2 1_2 fusion-flex-column\" style=\"--awb-bg-size:cover;--awb-width-large:50%;--awb-margin-top-large:0px;--awb-spacing-right-large:3.84%;--awb-margin-bottom-large:20px;--awb-spacing-left-large:3.84%;--awb-width-medium:50%;--awb-order-medium:0;--awb-spacing-right-medium:3.84%;--awb-spacing-left-medium:3.84%;--awb-width-small:100%;--awb-order-small:0;--awb-spacing-right-small:1.92%;--awb-spacing-left-small:1.92%;\"><div class=\"fusion-column-wrapper fusion-column-has-shadow fusion-flex-justify-content-flex-start fusion-content-layout-column\"><div class=\"fusion-text fusion-text-3\"><div class=\"elementor-icon-box-content\">\n<div class=\"elementor-icon-box-content\">\n<h3 class=\"elementor-icon-box-title\" style=\"text-align: center;\">eRezept Status<\/h3>\n<p class=\"elementor-icon-box-description\" style=\"text-align: center;\">Wurde meine Rezeptbestellung bereits bearbeitet? Gibt es Gr\u00fcnde warum mein Rezept nicht in der Apotheke ist?<\/p>\n<\/div>\n<\/div>\n<\/div><div style=\"text-align:center;\"><a class=\"fusion-button button-flat fusion-button-default-size button-default fusion-button-default button-2 fusion-button-default-span fusion-button-default-type\" style=\"--button_text_transform:uppercase;\" target=\"_self\" href=\"https:\/\/www.rezeptbox.at\/\"><i class=\"fa-search fas awb-button__icon awb-button__icon--default button-icon-left\" aria-hidden=\"true\"><\/i><span class=\"fusion-button-text awb-button__text awb-button__text--default\">Bestellstatus \u00fcberpr\u00fcfen<\/span><\/a><\/div><\/div><\/div><\/div><\/div><\/p>\n","protected":false},"excerpt":{"rendered":"","protected":false},"author":1,"featured_media":0,"parent":65,"menu_order":0,"comment_status":"closed","ping_status":"closed","template":"100-width.php","meta":{"footnotes":""},"class_list":["post-232","page","type-page","status-publish","hentry"],"yoast_head":"<!-- This site is optimized with the Yoast SEO plugin v27.6 - https:\/\/yoast.com\/product\/yoast-seo-wordpress\/ -->\n<title>Rezeptonline - Ordination Dr. Koderhold-Omasits<\/title>\n<meta name=\"robots\" content=\"index, follow, max-snippet:-1, max-image-preview:large, max-video-preview:-1\" \/>\n<link rel=\"canonical\" href=\"https:\/\/ordination-schwarzau.at\/index.php\/kontakt\/rezeptonline\/\" \/>\n<meta property=\"og:locale\" content=\"de_DE\" \/>\n<meta property=\"og:type\" content=\"article\" \/>\n<meta property=\"og:title\" content=\"Rezeptonline - Ordination Dr. Koderhold-Omasits\" \/>\n<meta property=\"og:url\" content=\"https:\/\/ordination-schwarzau.at\/index.php\/kontakt\/rezeptonline\/\" \/>\n<meta property=\"og:site_name\" content=\"Ordination Dr. Koderhold-Omasits\" \/>\n<meta property=\"article:modified_time\" content=\"2024-06-26T11:15:43+00:00\" \/>\n<meta name=\"twitter:card\" content=\"summary_large_image\" \/>\n<meta name=\"twitter:label1\" content=\"Gesch\u00e4tzte Lesezeit\" \/>\n\t<meta name=\"twitter:data1\" content=\"1\u00a0Minute\" \/>\n<script type=\"application\/ld+json\" class=\"yoast-schema-graph\">{\"@context\":\"https:\\\/\\\/schema.org\",\"@graph\":[{\"@type\":\"WebPage\",\"@id\":\"https:\\\/\\\/ordination-schwarzau.at\\\/index.php\\\/kontakt\\\/rezeptonline\\\/\",\"url\":\"https:\\\/\\\/ordination-schwarzau.at\\\/index.php\\\/kontakt\\\/rezeptonline\\\/\",\"name\":\"Rezeptonline - Ordination Dr. Koderhold-Omasits\",\"isPartOf\":{\"@id\":\"https:\\\/\\\/ordination-schwarzau.at\\\/#website\"},\"datePublished\":\"2023-01-25T22:51:34+00:00\",\"dateModified\":\"2024-06-26T11:15:43+00:00\",\"breadcrumb\":{\"@id\":\"https:\\\/\\\/ordination-schwarzau.at\\\/index.php\\\/kontakt\\\/rezeptonline\\\/#breadcrumb\"},\"inLanguage\":\"de\",\"potentialAction\":[{\"@type\":\"ReadAction\",\"target\":[\"https:\\\/\\\/ordination-schwarzau.at\\\/index.php\\\/kontakt\\\/rezeptonline\\\/\"]}]},{\"@type\":\"BreadcrumbList\",\"@id\":\"https:\\\/\\\/ordination-schwarzau.at\\\/index.php\\\/kontakt\\\/rezeptonline\\\/#breadcrumb\",\"itemListElement\":[{\"@type\":\"ListItem\",\"position\":1,\"name\":\"Startseite\",\"item\":\"https:\\\/\\\/ordination-schwarzau.at\\\/\"},{\"@type\":\"ListItem\",\"position\":2,\"name\":\"Kontakt\",\"item\":\"https:\\\/\\\/ordination-schwarzau.at\\\/index.php\\\/kontakt\\\/\"},{\"@type\":\"ListItem\",\"position\":3,\"name\":\"Rezeptonline\"}]},{\"@type\":\"WebSite\",\"@id\":\"https:\\\/\\\/ordination-schwarzau.at\\\/#website\",\"url\":\"https:\\\/\\\/ordination-schwarzau.at\\\/\",\"name\":\"Ordination Dr. Koderhold-Omasits\",\"description\":\"\u00c4rztin f\u00fcr Allgemeinmedizin\",\"potentialAction\":[{\"@type\":\"SearchAction\",\"target\":{\"@type\":\"EntryPoint\",\"urlTemplate\":\"https:\\\/\\\/ordination-schwarzau.at\\\/?s={search_term_string}\"},\"query-input\":{\"@type\":\"PropertyValueSpecification\",\"valueRequired\":true,\"valueName\":\"search_term_string\"}}],\"inLanguage\":\"de\"}]}<\/script>\n<!-- \/ Yoast SEO plugin. -->","yoast_head_json":{"title":"Rezeptonline - Ordination Dr. Koderhold-Omasits","robots":{"index":"index","follow":"follow","max-snippet":"max-snippet:-1","max-image-preview":"max-image-preview:large","max-video-preview":"max-video-preview:-1"},"canonical":"https:\/\/ordination-schwarzau.at\/index.php\/kontakt\/rezeptonline\/","og_locale":"de_DE","og_type":"article","og_title":"Rezeptonline - Ordination Dr. Koderhold-Omasits","og_url":"https:\/\/ordination-schwarzau.at\/index.php\/kontakt\/rezeptonline\/","og_site_name":"Ordination Dr. Koderhold-Omasits","article_modified_time":"2024-06-26T11:15:43+00:00","twitter_card":"summary_large_image","twitter_misc":{"Gesch\u00e4tzte Lesezeit":"1\u00a0Minute"},"schema":{"@context":"https:\/\/schema.org","@graph":[{"@type":"WebPage","@id":"https:\/\/ordination-schwarzau.at\/index.php\/kontakt\/rezeptonline\/","url":"https:\/\/ordination-schwarzau.at\/index.php\/kontakt\/rezeptonline\/","name":"Rezeptonline - Ordination Dr. Koderhold-Omasits","isPartOf":{"@id":"https:\/\/ordination-schwarzau.at\/#website"},"datePublished":"2023-01-25T22:51:34+00:00","dateModified":"2024-06-26T11:15:43+00:00","breadcrumb":{"@id":"https:\/\/ordination-schwarzau.at\/index.php\/kontakt\/rezeptonline\/#breadcrumb"},"inLanguage":"de","potentialAction":[{"@type":"ReadAction","target":["https:\/\/ordination-schwarzau.at\/index.php\/kontakt\/rezeptonline\/"]}]},{"@type":"BreadcrumbList","@id":"https:\/\/ordination-schwarzau.at\/index.php\/kontakt\/rezeptonline\/#breadcrumb","itemListElement":[{"@type":"ListItem","position":1,"name":"Startseite","item":"https:\/\/ordination-schwarzau.at\/"},{"@type":"ListItem","position":2,"name":"Kontakt","item":"https:\/\/ordination-schwarzau.at\/index.php\/kontakt\/"},{"@type":"ListItem","position":3,"name":"Rezeptonline"}]},{"@type":"WebSite","@id":"https:\/\/ordination-schwarzau.at\/#website","url":"https:\/\/ordination-schwarzau.at\/","name":"Ordination Dr. Koderhold-Omasits","description":"\u00c4rztin f\u00fcr Allgemeinmedizin","potentialAction":[{"@type":"SearchAction","target":{"@type":"EntryPoint","urlTemplate":"https:\/\/ordination-schwarzau.at\/?s={search_term_string}"},"query-input":{"@type":"PropertyValueSpecification","valueRequired":true,"valueName":"search_term_string"}}],"inLanguage":"de"}]}},"_links":{"self":[{"href":"https:\/\/ordination-schwarzau.at\/index.php\/wp-json\/wp\/v2\/pages\/232","targetHints":{"allow":["GET"]}}],"collection":[{"href":"https:\/\/ordination-schwarzau.at\/index.php\/wp-json\/wp\/v2\/pages"}],"about":[{"href":"https:\/\/ordination-schwarzau.at\/index.php\/wp-json\/wp\/v2\/types\/page"}],"author":[{"embeddable":true,"href":"https:\/\/ordination-schwarzau.at\/index.php\/wp-json\/wp\/v2\/users\/1"}],"replies":[{"embeddable":true,"href":"https:\/\/ordination-schwarzau.at\/index.php\/wp-json\/wp\/v2\/comments?post=232"}],"version-history":[{"count":19,"href":"https:\/\/ordination-schwarzau.at\/index.php\/wp-json\/wp\/v2\/pages\/232\/revisions"}],"predecessor-version":[{"id":438,"href":"https:\/\/ordination-schwarzau.at\/index.php\/wp-json\/wp\/v2\/pages\/232\/revisions\/438"}],"up":[{"embeddable":true,"href":"https:\/\/ordination-schwarzau.at\/index.php\/wp-json\/wp\/v2\/pages\/65"}],"wp:attachment":[{"href":"https:\/\/ordination-schwarzau.at\/index.php\/wp-json\/wp\/v2\/media?parent=232"}],"curies":[{"name":"wp","href":"https:\/\/api.w.org\/{rel}","templated":true}]}}