{"id":67,"date":"2023-01-23T14:44:08","date_gmt":"2023-01-23T14:44:08","guid":{"rendered":"https:\/\/ordination-schwarzau.at\/?page_id=67"},"modified":"2023-03-02T08:57:09","modified_gmt":"2023-03-02T08:57:09","slug":"medinfo","status":"publish","type":"page","link":"https:\/\/ordination-schwarzau.at\/index.php\/medinfo\/","title":{"rendered":"MED-Info"},"content":{"rendered":"<div class=\"fusion-fullwidth fullwidth-box fusion-builder-row-1 fusion-flex-container nonhundred-percent-fullwidth non-hundred-percent-height-scrolling\" style=\"--awb-border-radius-top-left:0px;--awb-border-radius-top-right:0px;--awb-border-radius-bottom-right:0px;--awb-border-radius-bottom-left:0px;--awb-padding-top:25px;--awb-margin-bottom:50px;--awb-flex-wrap:wrap;\" ><div class=\"fusion-builder-row fusion-row fusion-flex-align-items-flex-start fusion-flex-content-wrap\" style=\"max-width:1248px;margin-left: calc(-4% \/ 2 );margin-right: calc(-4% \/ 2 );\"><div class=\"fusion-layout-column fusion_builder_column fusion-builder-column-0 fusion_builder_column_2_3 2_3 fusion-flex-column\" style=\"--awb-padding-bottom:25px;--awb-bg-size:cover;--awb-width-large:66.666666666667%;--awb-margin-top-large:0px;--awb-spacing-right-large:5.76%;--awb-margin-bottom-large:20px;--awb-spacing-left-large:2.88%;--awb-width-medium:66.666666666667%;--awb-spacing-right-medium:5.76%;--awb-spacing-left-medium:2.88%;--awb-width-small:100%;--awb-spacing-right-small:1.92%;--awb-spacing-left-small:1.92%;\"><div class=\"fusion-column-wrapper fusion-flex-justify-content-flex-start fusion-content-layout-column\"><div class=\"fusion-blog-shortcode fusion-blog-shortcode-1 fusion-blog-archive fusion-blog-layout-grid-wrapper fusion-blog-pagination fusion-blog-layout-left\" style=\"--awb-title-font-size:24px;\"><style type=\"text\/css\">.fusion-blog-shortcode-1 .fusion-blog-layout-grid .fusion-post-grid{padding:20px;}.fusion-blog-shortcode-1 .fusion-posts-container{margin-left: -20px !important; margin-right:-20px !important;}<\/style><div class=\"fusion-posts-container fusion-posts-container-pagination fusion-blog-rollover fusion-blog-layout-grid fusion-blog-layout-grid-2 isotope fusion-blog-equal-heights\" data-pages=\"3\" data-grid-col-space=\"40\" style=\"margin: -20px -20px 0;min-height:500px;\"><article id=\"blog-1-post-519\" class=\"fusion-post-grid post-519 post type-post status-publish format-standard hentry category-ankuendigung\">\n<div class=\"fusion-post-wrapper\" style=\"background-color:rgba(255,255,255,0);border:1px solid #ffffff;border-bottom-width:3px;\">\n\n<div class=\"fusion-post-content-wrapper\" style=\"padding:30px 25px 25px 25px;\"><div class=\"fusion-post-content post-content\"><h2 class=\"blog-shortcode-post-title entry-title\"><a href=\"https:\/\/ordination-schwarzau.at\/index.php\/2026\/03\/17\/urlaub-ostern\/\">URLAUB- Ostern<\/a><\/h2><p class=\"fusion-single-line-meta\"><span class=\"vcard\" style=\"display: none;\"><span class=\"fn\"><a href=\"https:\/\/ordination-schwarzau.at\/index.php\/author\/judith_koderhold\/\" title=\"Beitr\u00e4ge von Dr. Judith Koderhold\" rel=\"author\">Dr. Judith Koderhold<\/a><\/span><\/span><span class=\"updated\" style=\"display:none;\">2026-03-17T14:23:23+00:00<\/span><span>M\u00e4rz 17, 2026<\/span><span class=\"fusion-inline-sep\">|<\/span><\/p><div class=\"fusion-content-sep sep-none\"><\/div><div class=\"fusion-post-content-container\"><p>OSTERURLAUB<\/p><\/div><\/div><div class=\"fusion-meta-info\"><div class=\"fusion-alignleft\"><a class=\"fusion-read-more\" href=\"https:\/\/ordination-schwarzau.at\/index.php\/2026\/03\/17\/urlaub-ostern\/\" aria-label=\"More on URLAUB- Ostern\">Read More<\/a><\/div><\/div><\/div><div class=\"fusion-clearfix\"><\/div><\/div>\n<\/article>\n<article id=\"blog-1-post-516\" class=\"fusion-post-grid post-516 post type-post status-publish format-standard hentry category-ankuendigung\">\n<div class=\"fusion-post-wrapper\" style=\"background-color:rgba(255,255,255,0);border:1px solid #ffffff;border-bottom-width:3px;\">\n\n<div class=\"fusion-post-content-wrapper\" style=\"padding:30px 25px 25px 25px;\"><div class=\"fusion-post-content post-content\"><h2 class=\"blog-shortcode-post-title entry-title\"><a href=\"https:\/\/ordination-schwarzau.at\/index.php\/2026\/01\/19\/urlaub-3\/\">Urlaub<\/a><\/h2><p class=\"fusion-single-line-meta\"><span class=\"vcard\" style=\"display: none;\"><span class=\"fn\"><a href=\"https:\/\/ordination-schwarzau.at\/index.php\/author\/judith_koderhold\/\" title=\"Beitr\u00e4ge von Dr. Judith Koderhold\" rel=\"author\">Dr. Judith Koderhold<\/a><\/span><\/span><span class=\"updated\" style=\"display:none;\">2026-01-19T10:15:57+00:00<\/span><span>Januar 19, 2026<\/span><span class=\"fusion-inline-sep\">|<\/span><\/p><div class=\"fusion-content-sep sep-none\"><\/div><div class=\"fusion-post-content-container\"><p>Liebe PatientInnen Unsere Ordination ist am Donnerstag, den 29. J\u00e4nner geschlossen! Dr. Judith Koderhold-Omasits<\/p><\/div><\/div><div class=\"fusion-meta-info\"><div class=\"fusion-alignleft\"><a class=\"fusion-read-more\" href=\"https:\/\/ordination-schwarzau.at\/index.php\/2026\/01\/19\/urlaub-3\/\" aria-label=\"More on Urlaub\">Read More<\/a><\/div><\/div><\/div><div class=\"fusion-clearfix\"><\/div><\/div>\n<\/article>\n<article id=\"blog-1-post-513\" class=\"fusion-post-grid post-513 post type-post status-publish format-standard hentry category-ankuendigung\">\n<div class=\"fusion-post-wrapper\" style=\"background-color:rgba(255,255,255,0);border:1px solid #ffffff;border-bottom-width:3px;\">\n\n<div class=\"fusion-post-content-wrapper\" style=\"padding:30px 25px 25px 25px;\"><div class=\"fusion-post-content post-content\"><h2 class=\"blog-shortcode-post-title entry-title\"><a href=\"https:\/\/ordination-schwarzau.at\/index.php\/2025\/12\/31\/urlaub-2\/\">URLAUB<\/a><\/h2><p class=\"fusion-single-line-meta\"><span class=\"vcard\" style=\"display: none;\"><span class=\"fn\"><a href=\"https:\/\/ordination-schwarzau.at\/index.php\/author\/judith_koderhold\/\" title=\"Beitr\u00e4ge von Dr. Judith Koderhold\" rel=\"author\">Dr. Judith Koderhold<\/a><\/span><\/span><span class=\"updated\" style=\"display:none;\">2025-12-31T13:36:30+00:00<\/span><span>Dezember 31, 2025<\/span><span class=\"fusion-inline-sep\">|<\/span><\/p><div class=\"fusion-content-sep sep-none\"><\/div><div class=\"fusion-post-content-container\"><p>Unsere Ordination ist vom 5. J\u00e4nner 2026 bis 9. J\u00e4nner 2026 geschlossen. Wir w\u00fcnschen ein PROSIT 2026 Dr. Judith Koderhold-Omasits [...]<\/p><\/div><\/div><div class=\"fusion-meta-info\"><div class=\"fusion-alignleft\"><a class=\"fusion-read-more\" href=\"https:\/\/ordination-schwarzau.at\/index.php\/2025\/12\/31\/urlaub-2\/\" aria-label=\"More on URLAUB\">Read More<\/a><\/div><\/div><\/div><div class=\"fusion-clearfix\"><\/div><\/div>\n<\/article>\n<article id=\"blog-1-post-510\" class=\"fusion-post-grid post-510 post type-post status-publish format-standard hentry category-ankuendigung\">\n<div class=\"fusion-post-wrapper\" style=\"background-color:rgba(255,255,255,0);border:1px solid #ffffff;border-bottom-width:3px;\">\n\n<div class=\"fusion-post-content-wrapper\" style=\"padding:30px 25px 25px 25px;\"><div class=\"fusion-post-content post-content\"><h2 class=\"blog-shortcode-post-title entry-title\"><a href=\"https:\/\/ordination-schwarzau.at\/index.php\/2025\/12\/13\/510\/\"><\/a><\/h2><p class=\"fusion-single-line-meta\"><span class=\"vcard\" style=\"display: none;\"><span class=\"fn\"><a href=\"https:\/\/ordination-schwarzau.at\/index.php\/author\/judith_koderhold\/\" title=\"Beitr\u00e4ge von Dr. Judith Koderhold\" rel=\"author\">Dr. Judith Koderhold<\/a><\/span><\/span><span class=\"updated\" style=\"display:none;\">2025-12-13T11:47:12+00:00<\/span><span>Dezember 13, 2025<\/span><span class=\"fusion-inline-sep\">|<\/span><\/p><div class=\"fusion-content-sep sep-none\"><\/div><div class=\"fusion-post-content-container\"><p>Urlaub 2026 \u00d6ffnungszeiten Weihnachten 2025<\/p><\/div><\/div><div class=\"fusion-meta-info\"><div class=\"fusion-alignleft\"><a class=\"fusion-read-more\" href=\"https:\/\/ordination-schwarzau.at\/index.php\/2025\/12\/13\/510\/\" aria-label=\"More on \">Read More<\/a><\/div><\/div><\/div><div class=\"fusion-clearfix\"><\/div><\/div>\n<\/article>\n<article id=\"blog-1-post-507\" class=\"fusion-post-grid post-507 post type-post status-publish format-standard hentry category-ankuendigung\">\n<div class=\"fusion-post-wrapper\" style=\"background-color:rgba(255,255,255,0);border:1px solid #ffffff;border-bottom-width:3px;\">\n\n<div class=\"fusion-post-content-wrapper\" style=\"padding:30px 25px 25px 25px;\"><div class=\"fusion-post-content post-content\"><h2 class=\"blog-shortcode-post-title entry-title\"><a href=\"https:\/\/ordination-schwarzau.at\/index.php\/2025\/12\/13\/507\/\"><\/a><\/h2><p class=\"fusion-single-line-meta\"><span class=\"vcard\" style=\"display: none;\"><span class=\"fn\"><a href=\"https:\/\/ordination-schwarzau.at\/index.php\/author\/judith_koderhold\/\" title=\"Beitr\u00e4ge von Dr. Judith Koderhold\" rel=\"author\">Dr. Judith Koderhold<\/a><\/span><\/span><span class=\"updated\" style=\"display:none;\">2025-12-13T11:44:18+00:00<\/span><span>Dezember 13, 2025<\/span><span class=\"fusion-inline-sep\">|<\/span><\/p><div class=\"fusion-content-sep sep-none\"><\/div><div class=\"fusion-post-content-container\"><p>Urlaub 2026<\/p><\/div><\/div><div class=\"fusion-meta-info\"><div class=\"fusion-alignleft\"><a class=\"fusion-read-more\" href=\"https:\/\/ordination-schwarzau.at\/index.php\/2025\/12\/13\/507\/\" aria-label=\"More on \">Read More<\/a><\/div><\/div><\/div><div class=\"fusion-clearfix\"><\/div><\/div>\n<\/article>\n<article id=\"blog-1-post-503\" class=\"fusion-post-grid post-503 post type-post status-publish format-standard hentry category-ankuendigung\">\n<div class=\"fusion-post-wrapper\" style=\"background-color:rgba(255,255,255,0);border:1px solid #ffffff;border-bottom-width:3px;\">\n\n<div class=\"fusion-post-content-wrapper\" style=\"padding:30px 25px 25px 25px;\"><div class=\"fusion-post-content post-content\"><h2 class=\"blog-shortcode-post-title entry-title\"><a href=\"https:\/\/ordination-schwarzau.at\/index.php\/2025\/12\/13\/503\/\"><\/a><\/h2><p class=\"fusion-single-line-meta\"><span class=\"vcard\" style=\"display: none;\"><span class=\"fn\"><a href=\"https:\/\/ordination-schwarzau.at\/index.php\/author\/judith_koderhold\/\" title=\"Beitr\u00e4ge von Dr. Judith Koderhold\" rel=\"author\">Dr. Judith Koderhold<\/a><\/span><\/span><span class=\"updated\" style=\"display:none;\">2025-12-13T11:40:17+00:00<\/span><span>Dezember 13, 2025<\/span><span class=\"fusion-inline-sep\">|<\/span><\/p><div class=\"fusion-content-sep sep-none\"><\/div><div class=\"fusion-post-content-container\"><p>\u00d6ffnungszeiten Weihnachten 2025<\/p><\/div><\/div><div class=\"fusion-meta-info\"><div class=\"fusion-alignleft\"><a class=\"fusion-read-more\" href=\"https:\/\/ordination-schwarzau.at\/index.php\/2025\/12\/13\/503\/\" aria-label=\"More on \">Read More<\/a><\/div><\/div><\/div><div class=\"fusion-clearfix\"><\/div><\/div>\n<\/article>\n<div class=\"fusion-clearfix\"><\/div><\/div><div class=\"pagination clearfix\"><span class=\"current\">1<\/span><a href=\"https:\/\/ordination-schwarzau.at\/index.php\/wp-json\/wp\/v2\/pages\/67\/page\/2\/\" class=\"inactive\">2<\/a><a class=\"pagination-next\" rel=\"next\" href=\"https:\/\/ordination-schwarzau.at\/index.php\/wp-json\/wp\/v2\/pages\/67\/page\/2\/\"><span class=\"page-text\">Vor<\/span><span class=\"page-next\"><\/span><\/a><\/div><div class=\"fusion-clearfix\"><\/div><\/div><\/div><\/div><div class=\"fusion-layout-column fusion_builder_column fusion-builder-column-1 fusion_builder_column_1_3 1_3 fusion-flex-column\" style=\"--awb-bg-size:cover;--awb-width-large:33.333333333333%;--awb-margin-top-large:0px;--awb-spacing-right-large:5.76%;--awb-margin-bottom-large:20px;--awb-spacing-left-large:5.76%;--awb-width-medium:33.333333333333%;--awb-spacing-right-medium:5.76%;--awb-spacing-left-medium:5.76%;--awb-width-small:100%;--awb-margin-top-small:20px;--awb-spacing-right-small:1.92%;--awb-spacing-left-small:1.92%;\"><div class=\"fusion-column-wrapper fusion-flex-justify-content-flex-start fusion-content-layout-column\"><div class=\"fusion-widget-area awb-widget-area-element fusion-widget-area-1 fusion-content-widget-area\" style=\"--awb-title-size:18px;--awb-background-color:rgba(255,255,255,0);--awb-title-color:var(--awb-color8);--awb-padding:0px 0px 0px 0px;\"><section id=\"search-2\" class=\"widget widget_search\" style=\"border-style: solid;border-color:transparent;border-width:0px;\">\t\t<form role=\"search\" class=\"searchform fusion-search-form  fusion-search-form-clean\" method=\"get\" action=\"https:\/\/ordination-schwarzau.at\/\">\n\t\t\t<div class=\"fusion-search-form-content\">\n\n\t\t\t\t\n\t\t\t\t<div class=\"fusion-search-field search-field\">\n\t\t\t\t\t<label><span class=\"screen-reader-text\">Suche nach:<\/span>\n\t\t\t\t\t\t\t\t\t\t\t\t\t<input type=\"search\" value=\"\" name=\"s\" class=\"s\" placeholder=\"Suchen...\" required aria-required=\"true\" aria-label=\"Suchen...\"\/>\n\t\t\t\t\t\t\t\t\t\t\t<\/label>\n\t\t\t\t<\/div>\n\t\t\t\t<div class=\"fusion-search-button search-button\">\n\t\t\t\t\t<input type=\"submit\" class=\"fusion-search-submit searchsubmit\" aria-label=\"Suche\" value=\"&#xf002;\" \/>\n\t\t\t\t\t\t\t\t\t<\/div>\n\n\t\t\t\t\n\t\t\t<\/div>\n\n\n\t\t\t\n\t\t<\/form>\n\t\t<\/section>\n\t\t<section id=\"recent-posts-3\" class=\"widget widget_recent_entries\" style=\"border-style: solid;border-color:transparent;border-width:0px;\">\n\t\t<div class=\"heading\"><h4 class=\"widget-title\">Neueste Beitr\u00e4ge<\/h4><\/div>\n\t\t<ul>\n\t\t\t\t\t\t\t\t\t\t\t<li>\n\t\t\t\t\t<a href=\"https:\/\/ordination-schwarzau.at\/index.php\/2026\/03\/17\/urlaub-ostern\/\">URLAUB- Ostern<\/a>\n\t\t\t\t\t\t\t\t\t<\/li>\n\t\t\t\t\t\t\t\t\t\t\t<li>\n\t\t\t\t\t<a href=\"https:\/\/ordination-schwarzau.at\/index.php\/2026\/01\/19\/urlaub-3\/\">Urlaub<\/a>\n\t\t\t\t\t\t\t\t\t<\/li>\n\t\t\t\t\t\t\t\t\t\t\t<li>\n\t\t\t\t\t<a href=\"https:\/\/ordination-schwarzau.at\/index.php\/2025\/12\/31\/urlaub-2\/\">URLAUB<\/a>\n\t\t\t\t\t\t\t\t\t<\/li>\n\t\t\t\t\t\t\t\t\t\t\t<li>\n\t\t\t\t\t<a href=\"https:\/\/ordination-schwarzau.at\/index.php\/2025\/12\/13\/510\/\">(kein Titel)<\/a>\n\t\t\t\t\t\t\t\t\t<\/li>\n\t\t\t\t\t\t\t\t\t\t\t<li>\n\t\t\t\t\t<a href=\"https:\/\/ordination-schwarzau.at\/index.php\/2025\/12\/13\/507\/\">(kein Titel)<\/a>\n\t\t\t\t\t\t\t\t\t<\/li>\n\t\t\t\t\t<\/ul>\n\n\t\t<\/section><style type=\"text\/css\" data-id=\"tweets-widget-4\">#tweets-widget-4 li { border-color:var(--awb-color2);}<\/style><section id=\"tweets-widget-4\" class=\"widget tweets\" style=\"border-style: solid;border-color: var(--awb-color2);border-color:transparent;border-width:0px;\"><div class=\"heading\"><h4 class=\"widget-title\">AKTUELLES<\/h4><\/div>\t\t\t<div class=\"twitter-box\">\n\t\t\t\t<div class=\"twitter-holder\">\n\t\t\t\t\t<div class=\"b\">\n\t\t\t\t\t\t<div class=\"tweets-container\" id=\"tweets_tweets-widget-4\">\n\t\t\t\t\t\t\t<ul class=\"jtwt\">\n\t\t\t\t\t\t\t\t\t\t\t\t\t\t\t\t\t<li class=\"jtwt_tweet\">\n\t\t\t\t\t\t\t\t\t\t<p class=\"jtwt_tweet_text\">\n\t\t\t\t\t\t\t\t\t\t\t\t\t\t\t\t\t\t<\/ul>\n\t\t\t\t\t\t<\/div>\n\t\t\t\t\t<\/div>\n\t\t\t\t<\/div>\n\t\t\t\t<span class=\"arrow\"><\/span>\n\t\t\t<\/div>\n\t\t\t<\/section><div class=\"fusion-additional-widget-content\"><\/div><\/div><\/div><\/div><\/div><\/div>\n","protected":false},"excerpt":{"rendered":"","protected":false},"author":1,"featured_media":0,"parent":0,"menu_order":0,"comment_status":"closed","ping_status":"closed","template":"100-width.php","meta":{"footnotes":""},"class_list":["post-67","page","type-page","status-publish","hentry"],"yoast_head":"<!-- This site is optimized with the Yoast SEO plugin v27.1.1 - https:\/\/yoast.com\/product\/yoast-seo-wordpress\/ -->\n<title>MED-Info - Ordination Dr. Koderhold-Omasits<\/title>\n<meta name=\"robots\" content=\"index, follow, max-snippet:-1, max-image-preview:large, max-video-preview:-1\" \/>\n<link rel=\"canonical\" href=\"https:\/\/ordination-schwarzau.at\/index.php\/medinfo\/\" \/>\n<meta property=\"og:locale\" content=\"de_DE\" \/>\n<meta property=\"og:type\" content=\"article\" \/>\n<meta property=\"og:title\" content=\"MED-Info - Ordination Dr. Koderhold-Omasits\" \/>\n<meta property=\"og:url\" content=\"https:\/\/ordination-schwarzau.at\/index.php\/medinfo\/\" \/>\n<meta property=\"og:site_name\" content=\"Ordination Dr. Koderhold-Omasits\" \/>\n<meta property=\"article:modified_time\" content=\"2023-03-02T08:57:09+00:00\" \/>\n<meta name=\"twitter:card\" content=\"summary_large_image\" \/>\n<meta name=\"twitter:label1\" content=\"Gesch\u00e4tzte Lesezeit\" \/>\n\t<meta name=\"twitter:data1\" content=\"1\u00a0Minute\" \/>\n<script type=\"application\/ld+json\" class=\"yoast-schema-graph\">{\"@context\":\"https:\/\/schema.org\",\"@graph\":[{\"@type\":\"WebPage\",\"@id\":\"https:\/\/ordination-schwarzau.at\/index.php\/medinfo\/\",\"url\":\"https:\/\/ordination-schwarzau.at\/index.php\/medinfo\/\",\"name\":\"MED-Info - Ordination Dr. Koderhold-Omasits\",\"isPartOf\":{\"@id\":\"https:\/\/ordination-schwarzau.at\/#website\"},\"datePublished\":\"2023-01-23T14:44:08+00:00\",\"dateModified\":\"2023-03-02T08:57:09+00:00\",\"breadcrumb\":{\"@id\":\"https:\/\/ordination-schwarzau.at\/index.php\/medinfo\/#breadcrumb\"},\"inLanguage\":\"de\",\"potentialAction\":[{\"@type\":\"ReadAction\",\"target\":[\"https:\/\/ordination-schwarzau.at\/index.php\/medinfo\/\"]}]},{\"@type\":\"BreadcrumbList\",\"@id\":\"https:\/\/ordination-schwarzau.at\/index.php\/medinfo\/#breadcrumb\",\"itemListElement\":[{\"@type\":\"ListItem\",\"position\":1,\"name\":\"Startseite\",\"item\":\"https:\/\/ordination-schwarzau.at\/\"},{\"@type\":\"ListItem\",\"position\":2,\"name\":\"MED-Info\"}]},{\"@type\":\"WebSite\",\"@id\":\"https:\/\/ordination-schwarzau.at\/#website\",\"url\":\"https:\/\/ordination-schwarzau.at\/\",\"name\":\"Ordination Dr. Koderhold-Omasits\",\"description\":\"\u00c4rztin f\u00fcr Allgemeinmedizin\",\"potentialAction\":[{\"@type\":\"SearchAction\",\"target\":{\"@type\":\"EntryPoint\",\"urlTemplate\":\"https:\/\/ordination-schwarzau.at\/?s={search_term_string}\"},\"query-input\":{\"@type\":\"PropertyValueSpecification\",\"valueRequired\":true,\"valueName\":\"search_term_string\"}}],\"inLanguage\":\"de\"}]}<\/script>\n<!-- \/ Yoast SEO plugin. -->","yoast_head_json":{"title":"MED-Info - Ordination Dr. Koderhold-Omasits","robots":{"index":"index","follow":"follow","max-snippet":"max-snippet:-1","max-image-preview":"max-image-preview:large","max-video-preview":"max-video-preview:-1"},"canonical":"https:\/\/ordination-schwarzau.at\/index.php\/medinfo\/","og_locale":"de_DE","og_type":"article","og_title":"MED-Info - Ordination Dr. Koderhold-Omasits","og_url":"https:\/\/ordination-schwarzau.at\/index.php\/medinfo\/","og_site_name":"Ordination Dr. Koderhold-Omasits","article_modified_time":"2023-03-02T08:57:09+00:00","twitter_card":"summary_large_image","twitter_misc":{"Gesch\u00e4tzte Lesezeit":"1\u00a0Minute"},"schema":{"@context":"https:\/\/schema.org","@graph":[{"@type":"WebPage","@id":"https:\/\/ordination-schwarzau.at\/index.php\/medinfo\/","url":"https:\/\/ordination-schwarzau.at\/index.php\/medinfo\/","name":"MED-Info - Ordination Dr. Koderhold-Omasits","isPartOf":{"@id":"https:\/\/ordination-schwarzau.at\/#website"},"datePublished":"2023-01-23T14:44:08+00:00","dateModified":"2023-03-02T08:57:09+00:00","breadcrumb":{"@id":"https:\/\/ordination-schwarzau.at\/index.php\/medinfo\/#breadcrumb"},"inLanguage":"de","potentialAction":[{"@type":"ReadAction","target":["https:\/\/ordination-schwarzau.at\/index.php\/medinfo\/"]}]},{"@type":"BreadcrumbList","@id":"https:\/\/ordination-schwarzau.at\/index.php\/medinfo\/#breadcrumb","itemListElement":[{"@type":"ListItem","position":1,"name":"Startseite","item":"https:\/\/ordination-schwarzau.at\/"},{"@type":"ListItem","position":2,"name":"MED-Info"}]},{"@type":"WebSite","@id":"https:\/\/ordination-schwarzau.at\/#website","url":"https:\/\/ordination-schwarzau.at\/","name":"Ordination Dr. Koderhold-Omasits","description":"\u00c4rztin f\u00fcr Allgemeinmedizin","potentialAction":[{"@type":"SearchAction","target":{"@type":"EntryPoint","urlTemplate":"https:\/\/ordination-schwarzau.at\/?s={search_term_string}"},"query-input":{"@type":"PropertyValueSpecification","valueRequired":true,"valueName":"search_term_string"}}],"inLanguage":"de"}]}},"_links":{"self":[{"href":"https:\/\/ordination-schwarzau.at\/index.php\/wp-json\/wp\/v2\/pages\/67","targetHints":{"allow":["GET"]}}],"collection":[{"href":"https:\/\/ordination-schwarzau.at\/index.php\/wp-json\/wp\/v2\/pages"}],"about":[{"href":"https:\/\/ordination-schwarzau.at\/index.php\/wp-json\/wp\/v2\/types\/page"}],"author":[{"embeddable":true,"href":"https:\/\/ordination-schwarzau.at\/index.php\/wp-json\/wp\/v2\/users\/1"}],"replies":[{"embeddable":true,"href":"https:\/\/ordination-schwarzau.at\/index.php\/wp-json\/wp\/v2\/comments?post=67"}],"version-history":[{"count":7,"href":"https:\/\/ordination-schwarzau.at\/index.php\/wp-json\/wp\/v2\/pages\/67\/revisions"}],"predecessor-version":[{"id":375,"href":"https:\/\/ordination-schwarzau.at\/index.php\/wp-json\/wp\/v2\/pages\/67\/revisions\/375"}],"wp:attachment":[{"href":"https:\/\/ordination-schwarzau.at\/index.php\/wp-json\/wp\/v2\/media?parent=67"}],"curies":[{"name":"wp","href":"https:\/\/api.w.org\/{rel}","templated":true}]}}